{"id":570,"date":"2020-03-11T12:03:43","date_gmt":"2020-03-11T12:03:43","guid":{"rendered":"http:\/\/www.szkolenia-kccr.pl\/?page_id=570"},"modified":"2020-03-11T12:09:09","modified_gmt":"2020-03-11T12:09:09","slug":"efektywny-kierownik-skuteczne-zarzadzanie-personelem","status":"publish","type":"page","link":"http:\/\/www.szkolenia-kccr.pl\/index.php\/efektywny-kierownik-skuteczne-zarzadzanie-personelem\/","title":{"rendered":"Efektywny kierownik- skuteczne zarz\u0105dzanie personelem"},"content":{"rendered":"\t\t<div data-elementor-type=\"wp-page\" data-elementor-id=\"570\" class=\"elementor elementor-570\" data-elementor-settings=\"[]\">\n\t\t\t<div class=\"elementor-inner\">\n\t\t\t\t<div class=\"elementor-section-wrap\">\n\t\t\t\t\t\t\t<section class=\"elementor-element elementor-element-55eb24f0 elementor-section-full_width elementor-section-height-default elementor-section-height-default elementor-section elementor-top-section\" data-id=\"55eb24f0\" data-element_type=\"section\">\n\t\t\t\t\t\t<div class=\"elementor-container elementor-column-gap-default\">\n\t\t\t\t<div class=\"elementor-row\">\n\t\t\t\t<div class=\"elementor-element elementor-element-5cb71a4e elementor-column elementor-col-100 elementor-top-column\" data-id=\"5cb71a4e\" data-element_type=\"column\">\n\t\t\t<div class=\"elementor-column-wrap  elementor-element-populated\">\n\t\t\t\t\t<div class=\"elementor-widget-wrap\">\n\t\t\t\t<div class=\"elementor-element elementor-element-41bd88de elementor-widget elementor-widget-text-editor\" data-id=\"41bd88de\" data-element_type=\"widget\" data-widget_type=\"text-editor.default\">\n\t\t\t\t<div class=\"elementor-widget-container\">\n\t\t\t\t\t<div class=\"elementor-text-editor elementor-clearfix\"><p style=\"font-weight: 400;\">Szkolenie umo\u017cliwi uczestnikom prze\u0107wiczenie praktycznych umiej\u0119tno\u015bci kierowniczych w komunikacji z podw\u0142adnymi. Wska\u017ce, kt\u00f3re \u015brodki i czynno\u015bci prze\u0142o\u017conego pomagaj\u0105 podw\u0142adnym w przyjmowaniu pe\u0142nej odpowiedzialno\u015bci za zadania. Nauczy sposobu komunikowania si\u0119 prze\u0142o\u017conych z podw\u0142adnymi w zakresie oczekiwa\u0144 dotycz\u0105cych kluczowych cel\u00f3w i warto\u015bci. Uka\u017ce jak jeste\u015bmy manipulowani jako zarz\u0105dzaj\u0105cy i w jakie techniki powinni\u015bmy zastosowa\u0107, by minimalizowa\u0107 konflikty w zespole. Szkolenie zosta\u0142o przygotowane dla kadry zarz\u0105dzaj\u0105cej ze szczegolnym naciskiem na specyfik\u0119 \u015brodowiska pracy oraz na sytuacje codzienne, z kt\u00f3rymi ma do czynienia prze\u0142o\u017cony.<\/p>\n\n<center><strong>PROGRAM SZKOLENIA<\/strong><\/center>\n<ul>\n \t<li><strong>Motywowanie zespo\u0142u (najwa\u017cniejsze zasady motywowania finansowego i pozafinansowego)\n<\/strong><strong><li>B\u0142\u0119dy pope\u0142niane przy wykorzystywaniu p\u0142acy jako elementu motywowania<\/strong>\n<strong><li>Motywacja wewn\u0119trzna i zewn\u0119trzna w zespole pracowniczym<\/strong>\n<strong><li>Kultura ASK i TELL w zarz\u0105dzaniu<\/strong>\n<strong><li>Techniki manipulacyjne w zespole zawodowym (zasady i techniki)<\/strong>\n<strong><li>Asertywna komunikacja szef- podw\u0142adny<\/strong>\n<strong><li>Przyjmowanie krytyki zawodowej<\/strong>\n<strong><li>Przekazywanie krytyki pracownikowi<\/strong>\n<strong><li>Tajniki udanej komunikacji w pracy- komunikacja pozytywna<\/strong>\n<strong><li>Umiej\u0119tno\u015b\u0107 aktywnego s\u0142uchania, przeformu\u0142owania, wydawania polece\u0144, wyra\u017cania krytyki- \u0107wiczenia<\/strong>\n<strong><li>Zasady interpretacji komunikat\u00f3w werbalnych, niewerbalnych i podprogowych kierownika i pracownik\u00f3w<\/strong>\n<strong><li>Szef bez autorytetu (regu\u0142a zarz\u0105dzania czasem 5-10-15, strefa graniczna 3 h, dysharmonizacja, formalizowanie, regu\u0142a uog\u00f3lnienia, synchronizacja)<\/strong><strong><li>Zasada stawiania i konstruowania cel\u00f3w projektowych S.M.A.R.T.<\/strong><\/p><\/li>\n&nbsp;\n<p style=\"font-weight: 400;\">Szkolenie ma charakter warsztatowy, wykorzystuj\u0105cy aktywne metody anga\u017cuj\u0105ce wszystkich uczestnik\u00f3w. Ponad 75% programu szkoleniowego to stosowane \u0107wiczenia umiej\u0119tno\u015bci w danym zakresie tematycznym. Spotkania prowadzone s\u0105 metod\u0105 warsztatow\u0105 z wykorzystaniem: symulacji sytuacyjnej, case studies, pracy indywidualnej i w podgrupach, element\u00f3w coachingu, metody kuli \u015bnie\u017cnej, dyskusji moderowanej i innych. Podczas szkolenia uczestnicy ucz\u0105 si\u0119 i pracuj\u0105 na sytuacjach z w\u0142asnego \u017cycia, z jakimi maj\u0105 do czynienia w codziennej pracy zawodowej.<\/p>\n<p style=\"font-weight: 400;\">Otrzymywane przez uczestnik\u00f3w materia\u0142y szkoleniowe przygotowywane s\u0105 ze szczeg\u00f3lnym uwzgl\u0119dnieniem sytuacji zawodowych opisywanych przez uczestnik\u00f3w szkolenia. Zawieraj\u0105 opisy technik do indywidualnego zastosowania, gruntowne analizy sytuacji, przyk\u0142ady praktyczne i gotowe rozwi\u0105zania do zastosowania w codziennej pracy.<\/p>\n<p style=\"font-weight: 400;\"><strong>PROMOCYJNE CENY SZKOLENIA DLA WI\u0118KSZEJ ILO\u015aCI OS\u00d3B<\/strong><\/p>\n<p style=\"font-weight: 400;\">PROMOCJA 4+1\nPrzy zapisie pi\u0119ciu os\u00f3b z jednej instytucji\/ firmy, jedna osoba uczestniczy w szkoleniu gratis.<\/p>\nPROMOCJA 50%\nPrzy zapisie 3 uczestnik\u00f3w z jednej instytucji\/ firmy, jedna z nich bierze udzia\u0142 w szkoleniu z 50 % rabatem.\n<p style=\"font-weight: 400;\"><strong>\u00a0<\/strong><\/p>\n<p style=\"font-weight: 400;\"><strong>Wydarzenie zawiera:<\/strong><\/p>\n<p style=\"font-weight: 400;\">szkolenie, dwudaniowy obiad,\u00a0\u00a0indywidualne drukowane materia\u0142y dydaktyczne, imienne za\u015bwiadczenie o uko\u0144czeniu szkolenia, pocz\u0119stunek, bufet kawowy, opcjonalnie- indywidualne konsultacje po zako\u0144czeniu szkolenia<\/p>\n<p style=\"font-weight: 400;\">Zg\u0142oszenia na szkolenie b\u0119d\u0105 przyjmowane mailowo (kontakt@kccr.pl) lub telefonicznie 797 458 721, 32 2206826.<\/p><\/div>\n\t\t\t\t<\/div>\n\t\t\t\t<\/div>\n\t\t\t\t\t\t<\/div>\n\t\t\t<\/div>\n\t\t<\/div>\n\t\t\t\t\t\t<\/div>\n\t\t\t<\/div>\n\t\t<\/section>\n\t\t\t\t<section class=\"elementor-element elementor-element-61edf7c elementor-section-boxed elementor-section-height-default elementor-section-height-default elementor-section elementor-top-section\" data-id=\"61edf7c\" data-element_type=\"section\">\n\t\t\t\t\t\t<div class=\"elementor-container elementor-column-gap-default\">\n\t\t\t\t<div class=\"elementor-row\">\n\t\t\t\t<div class=\"elementor-element elementor-element-416a9bb elementor-column elementor-col-100 elementor-top-column\" data-id=\"416a9bb\" data-element_type=\"column\">\n\t\t\t<div class=\"elementor-column-wrap  elementor-element-populated\">\n\t\t\t\t\t<div class=\"elementor-widget-wrap\">\n\t\t\t\t<div class=\"elementor-element elementor-element-789350b elementor-widget elementor-widget-heading\" data-id=\"789350b\" data-element_type=\"widget\" data-widget_type=\"heading.default\">\n\t\t\t\t<div class=\"elementor-widget-container\">\n\t\t\t<h2 class=\"elementor-heading-title elementor-size-medium\"><a href=\"http:\/\/www.szkolenia24h.pl\/oferta\/efektywny-kierownik-skuteczne-zarzadzanie-personelem\/64708\/#terminy\">Kliknij aby sprawdzi\u0107 najbli\u017csze terminy<\/a><\/h2>\t\t<\/div>\n\t\t\t\t<\/div>\n\t\t\t\t\t\t<\/div>\n\t\t\t<\/div>\n\t\t<\/div>\n\t\t\t\t\t\t<\/div>\n\t\t\t<\/div>\n\t\t<\/section>\n\t\t\t\t\t\t<\/div>\n\t\t\t<\/div>\n\t\t<\/div>\n\t\t","protected":false},"excerpt":{"rendered":"<p>Szkolenie umo\u017cliwi uczestnikom prze\u0107wiczenie praktycznych umiej\u0119tno\u015bci kierowniczych w komunikacji z podw\u0142adnymi. Wska\u017ce, kt\u00f3re \u015brodki i czynno\u015bci prze\u0142o\u017conego pomagaj\u0105 podw\u0142adnym w przyjmowaniu pe\u0142nej odpowiedzialno\u015bci za zadania. Nauczy sposobu komunikowania si\u0119 prze\u0142o\u017conych z podw\u0142adnymi w zakresie oczekiwa\u0144 dotycz\u0105cych kluczowych cel\u00f3w i warto\u015bci. Uka\u017ce jak jeste\u015bmy manipulowani jako zarz\u0105dzaj\u0105cy i w jakie techniki powinni\u015bmy zastosowa\u0107, by minimalizowa\u0107 konflikty [&hellip;]<\/p>\n","protected":false},"author":1,"featured_media":0,"parent":0,"menu_order":0,"comment_status":"closed","ping_status":"open","template":"","meta":{"footnotes":""},"class_list":["post-570","page","type-page","status-publish","hentry"],"_links":{"self":[{"href":"http:\/\/www.szkolenia-kccr.pl\/index.php\/wp-json\/wp\/v2\/pages\/570","targetHints":{"allow":["GET"]}}],"collection":[{"href":"http:\/\/www.szkolenia-kccr.pl\/index.php\/wp-json\/wp\/v2\/pages"}],"about":[{"href":"http:\/\/www.szkolenia-kccr.pl\/index.php\/wp-json\/wp\/v2\/types\/page"}],"author":[{"embeddable":true,"href":"http:\/\/www.szkolenia-kccr.pl\/index.php\/wp-json\/wp\/v2\/users\/1"}],"replies":[{"embeddable":true,"href":"http:\/\/www.szkolenia-kccr.pl\/index.php\/wp-json\/wp\/v2\/comments?post=570"}],"version-history":[{"count":2,"href":"http:\/\/www.szkolenia-kccr.pl\/index.php\/wp-json\/wp\/v2\/pages\/570\/revisions"}],"predecessor-version":[{"id":572,"href":"http:\/\/www.szkolenia-kccr.pl\/index.php\/wp-json\/wp\/v2\/pages\/570\/revisions\/572"}],"wp:attachment":[{"href":"http:\/\/www.szkolenia-kccr.pl\/index.php\/wp-json\/wp\/v2\/media?parent=570"}],"curies":[{"name":"wp","href":"https:\/\/api.w.org\/{rel}","templated":true}]}}