{"id":542,"date":"2020-03-10T13:04:24","date_gmt":"2020-03-10T13:04:24","guid":{"rendered":"http:\/\/www.szkolenia-kccr.pl\/?page_id=542"},"modified":"2020-03-10T13:07:40","modified_gmt":"2020-03-10T13:07:40","slug":"zarzadzanie-czasem","status":"publish","type":"page","link":"https:\/\/www.szkolenia-kccr.pl\/index.php\/zarzadzanie-czasem\/","title":{"rendered":"Zarz\u0105dzanie czasem-organizacja i podnoszenie efektywno\u015bci pracy"},"content":{"rendered":"\t\t<div data-elementor-type=\"wp-page\" data-elementor-id=\"542\" class=\"elementor elementor-542\" data-elementor-settings=\"[]\">\n\t\t\t<div class=\"elementor-inner\">\n\t\t\t\t<div class=\"elementor-section-wrap\">\n\t\t\t\t\t\t\t<section class=\"elementor-element elementor-element-55eb24f0 elementor-section-full_width elementor-section-height-default elementor-section-height-default elementor-section elementor-top-section\" data-id=\"55eb24f0\" data-element_type=\"section\">\n\t\t\t\t\t\t<div class=\"elementor-container elementor-column-gap-default\">\n\t\t\t\t<div class=\"elementor-row\">\n\t\t\t\t<div class=\"elementor-element elementor-element-5cb71a4e elementor-column elementor-col-100 elementor-top-column\" data-id=\"5cb71a4e\" data-element_type=\"column\">\n\t\t\t<div class=\"elementor-column-wrap  elementor-element-populated\">\n\t\t\t\t\t<div class=\"elementor-widget-wrap\">\n\t\t\t\t<div class=\"elementor-element elementor-element-41bd88de elementor-widget elementor-widget-text-editor\" data-id=\"41bd88de\" data-element_type=\"widget\" data-widget_type=\"text-editor.default\">\n\t\t\t\t<div class=\"elementor-widget-container\">\n\t\t\t\t\t<div class=\"elementor-text-editor elementor-clearfix\"><p><strong>Cele szkolenia:<\/strong><\/p><ul><li>zapoznanie uczestnik\u00f3w z metodami zarz\u0105dzania czasem i podnoszenia efektywno\u015bci pracy.<\/li><li>prze\u0107wiczenie i adaptacja poznanych technik do w\u0142asnych potrzeb<\/li><li>podniesienie umiej\u0119tno\u015bci rozmowy z wsp\u00f3\u0142pracownikiem w zakresie przekazywania mu informacji zwrotnej<\/li><li>przedstawienie zasad zarz\u0105dzania czasem i podnoszenia efektywno\u015bci pracy w zale\u017cno\u015bci od typu osobowo\u015bci pracownika<\/li><\/ul><p><strong>Ramowy plan szkolenia:<\/strong><\/p><p>Zarz\u0105dzanie czasem:<\/p><ul><li>Zarz\u0105dzanie czasem jako podstawowa kompetencja efektywno\u015bciowa<\/li><li>Autodiagnoza zu\u017cycia czasu (ABC)<\/li><li>Z\u0142ote zasady efektywnego zarz\u0105dzania czasem (matrycowa zasada Eisenhowera)<\/li><li>Modele planowania (Pareto, Prawo Parkinsona)<\/li><li>Umiej\u0119tno\u015b\u0107 formu\u0142owania cel\u00f3w (SMART, SMARTer, Regu\u0142a 3P, Diagram Gantta)<\/li><\/ul><p>Podnoszenie efektywno\u015bci pracy:<\/p><ul><li>\u0106wiczenia warsztatowe w zakresie:<\/li><\/ul><p>-rozwijania umiej\u0119tno\u015bci identyfikowania zasob\u00f3w niezb\u0119dneych do realizacji cel\u00f3w<\/p><p>-doskonalenia umiej\u0119tno\u015bci analizy i wykorzystania czasu<\/p><p>-zdolno\u015bci organizacyjnych i umiej\u0119tno\u015bci zarz\u0105dzania sob\u0105 w czasie (analiza efektywno\u015bciowa)<\/p><p>-zdolno\u015bci operacjonalizowania cel\u00f3w szczeg\u00f3\u0142owych\/ cz\u0105stkowych- dzielenia celu strategicznego<\/p><p>-umiej\u0119tno\u015bci nawi\u0105zywania i podtrzymywania relacji interpersonalnych w miejscu pracy<\/p><p>-umiej\u0119tno\u015bci samodzielnego radzenia sobie w sytuacjach trudnych<\/p><p>\u00a0<\/p><p>Szkolenie ma charakter warsztatowy, wykorzystuj\u0105cy aktywne metody anga\u017cuj\u0105ce wszystkich uczestnik\u00f3w. Ponad 75% programu szkoleniowego to stosowane \u0107wiczenia umiej\u0119tno\u015bci w danym zakresie tematycznym. Spotkania prowadzone s\u0105 metod\u0105 warsztatow\u0105 z wykorzystaniem: symulacji sytuacyjnej, case studies, pracy indywidualnej i w podgrupach, element\u00f3w coachingu, metody kuli \u015bnie\u017cnej, dyskusji moderowanej i innych. Podczas szkolenia uczestnicy ucz\u0105 si\u0119 i pracuj\u0105 na sytuacjach z w\u0142asnego \u017cycia, z jakimi maj\u0105 do czynienia w codziennej pracy zawodowej.<\/p><p>\u00a0<\/p><p>Otrzymywane przez uczestnik\u00f3w materia\u0142y szkoleniowe przygotowywane s\u0105 ze szczeg\u00f3lnym uwzgl\u0119dnieniem sytuacji zawodowych opisywanych przez uczestnik\u00f3w szkolenia. Zawieraj\u0105 opisy technik do indywidualnego zastosowania, gruntowne analizy sytuacji, przyk\u0142ady praktyczne i gotowe rozwi\u0105zania do zastosowania w codziennej pracy.<\/p><p>\u00a0<\/p><p><strong>PROMOCYJNE CENY SZKOLENIA DLA WI\u0118KSZEJ ILO\u015aCI OS\u00d3B<\/strong><\/p><p>PROMOCJA 4+1<br \/>Przy zapisie pi\u0119ciu os\u00f3b z jednej instytucji\/ firmy, jedna osoba uczestniczy w szkoleniu gratis.<\/p><p>PROMOCJA 50%<br \/>Przy zapisie 3 uczestnik\u00f3w z jednej instytucji\/ firmy, jedna z nich bierze udzia\u0142 w szkoleniu z 50 % rabatem.<strong>\u00a0<\/strong><\/p><p><strong>Wydarzenie zawiera:<\/strong><\/p><p>szkolenie, dwudaniowy obiad, \u00a0indywidualne drukowane materia\u0142y dydaktyczne, imienne za\u015bwiadczenie o uko\u0144czeniu szkolenia, pocz\u0119stunek, bufet kawowy, opcjonalnie- indywidualne konsultacje po zako\u0144czeniu szkolenia<\/p><p>\u00a0<\/p><p>Zg\u0142oszenia na szkolenie b\u0119d\u0105 przyjmowane mailowo (kontakt@kccr.pl) lub telefonicznie 797 458 721, 32 2206826.<\/p><\/div>\n\t\t\t\t<\/div>\n\t\t\t\t<\/div>\n\t\t\t\t\t\t<\/div>\n\t\t\t<\/div>\n\t\t<\/div>\n\t\t\t\t\t\t<\/div>\n\t\t\t<\/div>\n\t\t<\/section>\n\t\t\t\t<section class=\"elementor-element elementor-element-61edf7c elementor-section-boxed elementor-section-height-default elementor-section-height-default elementor-section elementor-top-section\" data-id=\"61edf7c\" data-element_type=\"section\">\n\t\t\t\t\t\t<div class=\"elementor-container elementor-column-gap-default\">\n\t\t\t\t<div class=\"elementor-row\">\n\t\t\t\t<div class=\"elementor-element elementor-element-416a9bb elementor-column elementor-col-100 elementor-top-column\" data-id=\"416a9bb\" data-element_type=\"column\">\n\t\t\t<div class=\"elementor-column-wrap  elementor-element-populated\">\n\t\t\t\t\t<div class=\"elementor-widget-wrap\">\n\t\t\t\t<div class=\"elementor-element elementor-element-789350b elementor-widget elementor-widget-heading\" data-id=\"789350b\" data-element_type=\"widget\" data-widget_type=\"heading.default\">\n\t\t\t\t<div class=\"elementor-widget-container\">\n\t\t\t<h2 class=\"elementor-heading-title elementor-size-medium\"><a href=\"http:\/\/www.szkolenia24h.pl\/oferta\/zarzadzanie-czasem-organizacja-i-podnoszenie-efektywnosci-pracy\/25343\/#terminy\">Kliknij aby sprawdzi\u0107 najbli\u017csze terminy<\/a><\/h2>\t\t<\/div>\n\t\t\t\t<\/div>\n\t\t\t\t\t\t<\/div>\n\t\t\t<\/div>\n\t\t<\/div>\n\t\t\t\t\t\t<\/div>\n\t\t\t<\/div>\n\t\t<\/section>\n\t\t\t\t\t\t<\/div>\n\t\t\t<\/div>\n\t\t<\/div>\n\t\t","protected":false},"excerpt":{"rendered":"<p>Cele szkolenia: zapoznanie uczestnik\u00f3w z metodami zarz\u0105dzania czasem i podnoszenia efektywno\u015bci pracy. prze\u0107wiczenie i adaptacja poznanych technik do w\u0142asnych potrzeb podniesienie umiej\u0119tno\u015bci rozmowy z wsp\u00f3\u0142pracownikiem w zakresie przekazywania mu informacji zwrotnej przedstawienie zasad zarz\u0105dzania czasem i podnoszenia efektywno\u015bci pracy w zale\u017cno\u015bci od typu osobowo\u015bci pracownika Ramowy plan szkolenia: Zarz\u0105dzanie czasem: Zarz\u0105dzanie czasem jako podstawowa kompetencja [&hellip;]<\/p>\n","protected":false},"author":1,"featured_media":0,"parent":0,"menu_order":0,"comment_status":"closed","ping_status":"open","template":"","meta":{"footnotes":""},"class_list":["post-542","page","type-page","status-publish","hentry"],"_links":{"self":[{"href":"https:\/\/www.szkolenia-kccr.pl\/index.php\/wp-json\/wp\/v2\/pages\/542","targetHints":{"allow":["GET"]}}],"collection":[{"href":"https:\/\/www.szkolenia-kccr.pl\/index.php\/wp-json\/wp\/v2\/pages"}],"about":[{"href":"https:\/\/www.szkolenia-kccr.pl\/index.php\/wp-json\/wp\/v2\/types\/page"}],"author":[{"embeddable":true,"href":"https:\/\/www.szkolenia-kccr.pl\/index.php\/wp-json\/wp\/v2\/users\/1"}],"replies":[{"embeddable":true,"href":"https:\/\/www.szkolenia-kccr.pl\/index.php\/wp-json\/wp\/v2\/comments?post=542"}],"version-history":[{"count":3,"href":"https:\/\/www.szkolenia-kccr.pl\/index.php\/wp-json\/wp\/v2\/pages\/542\/revisions"}],"predecessor-version":[{"id":545,"href":"https:\/\/www.szkolenia-kccr.pl\/index.php\/wp-json\/wp\/v2\/pages\/542\/revisions\/545"}],"wp:attachment":[{"href":"https:\/\/www.szkolenia-kccr.pl\/index.php\/wp-json\/wp\/v2\/media?parent=542"}],"curies":[{"name":"wp","href":"https:\/\/api.w.org\/{rel}","templated":true}]}}